{"id":894,"date":"2023-05-22T14:58:19","date_gmt":"2023-05-22T14:58:19","guid":{"rendered":"https:\/\/www.circuito-estoril.pt\/mandatory-information\/regulamentos-internos-e-externos\/"},"modified":"2023-05-22T14:58:19","modified_gmt":"2023-05-22T14:58:19","slug":"regulamentos-internos-e-externos","status":"publish","type":"page","link":"https:\/\/www.circuito-estoril.pt\/en\/regulamentos-internos-e-externos\/","title":{"rendered":"Regulamentos Internos e Externos"},"content":{"rendered":"<p><strong>Externos<\/strong><\/p>\n<p><span lang=\"PT\">Para al\u00e9m da sua sujei\u00e7\u00e3o ao C\u00f3digo das Sociedades Comerciais como sociedade an\u00f3nima, a CE \u00e9 detida a 100% pela PARP\u00daBLICA \u2013 Participa\u00e7\u00f5es P\u00fablicas (SGPS), SA. <\/span><\/p>\n<p><span lang=\"PT\">Encontra-se, assim, adequadamente enquadrada na moldura legal prevista para o grupo empresarial do Estado, o qual se encontra sistematizado no <a title=\"blocked::http:\/\/www.parpublicasgps.com\/dre.pt\/pdf1sdip\/2013\/10\/19100\/0598806002.pdf\" href=\"http:\/\/www.parpublicasgps.com\/dre.pt\/pdf1sdip\/2013\/10\/19100\/0598806002.pdf\">Decreto-Lei n.\u00ba 133\/2013, de 3 de Outubro<\/a>, que estabelece os princ\u00edpios e regras aplic\u00e1veis ao sector p\u00fablico empresarial, \u00a0e no <a title=\"blocked::http:\/\/dre.pt\/pdf1sdip\/2007\/03\/06100\/17421748.pdf\" href=\"http:\/\/dre.pt\/pdf1sdip\/2007\/03\/06100\/17421748.pdf\">Decreto-Lei n.\u00ba 71\/2007, de 27 de Mar\u00e7o<\/a>, que aprova o Estatuto do Gestor P\u00fablico.<\/span><\/p>\n<p><strong>Internos<\/strong><\/p>\n<p><span lang=\"PT\">Para al\u00e9m da sua sujei\u00e7\u00e3o ao C\u00f3digo das Sociedades Comerciais como sociedade an\u00f3nima, a CE \u00e9 detida a 100% pela PARP\u00daBLICA \u2013 Participa\u00e7\u00f5es P\u00fablicas (SGPS), SA. <\/span><\/p>\n<p><span lang=\"PT\">Encontra-se, assim, adequadamente enquadrada na moldura legal prevista para o grupo empresarial do Estado, o qual se encontra sistematizado no <\/span><span lang=\"PT\"><a title=\"blocked::http:\/\/www.parpublicasgps.com\/dre.pt\/pdf1sdip\/2013\/10\/19100\/0598806002.pdf\" href=\"http:\/\/www.parpublicasgps.com\/dre.pt\/pdf1sdip\/2013\/10\/19100\/0598806002.pdf\">Decreto-Lei n.\u00ba 133\/2013, de 3 de Outubro<\/a><\/span><span lang=\"PT\">, que estabelece os princ\u00edpios e regras aplic\u00e1veis ao sector p\u00fablico empresarial, \u00a0e no <\/span><span lang=\"PT\"><a title=\"blocked::http:\/\/dre.pt\/pdf1sdip\/2007\/03\/06100\/17421748.pdf\" href=\"http:\/\/dre.pt\/pdf1sdip\/2007\/03\/06100\/17421748.pdf\">Decreto-Lei n.\u00ba 71\/2007, de 27 de Mar\u00e7o<\/a><\/span><span lang=\"PT\">, que aprova o Estatuto do Gestor P\u00fablico.<\/span><\/p>\n","protected":false},"excerpt":{"rendered":"<p>Externos Para al\u00e9m da sua sujei\u00e7\u00e3o ao C\u00f3digo das Sociedades Comerciais como sociedade an\u00f3nima, a CE \u00e9 detida a 100% pela PARP\u00daBLICA \u2013 Participa\u00e7\u00f5es P\u00fablicas (SGPS), SA. Encontra-se, assim, adequadamente enquadrada na moldura legal prevista para o grupo empresarial do Estado, o qual se encontra sistematizado no Decreto-Lei n.\u00ba 133\/2013, de 3 de Outubro, que [&hellip;]<\/p>\n","protected":false},"author":2,"featured_media":651,"parent":0,"menu_order":0,"comment_status":"closed","ping_status":"closed","template":"","meta":{"footnotes":""},"class_list":["post-894","page","type-page","status-publish","has-post-thumbnail","hentry"],"acf":[],"yoast_head":"<!-- This site is optimized with the Yoast SEO plugin v21.4 - https:\/\/yoast.com\/wordpress\/plugins\/seo\/ -->\n<title>Regulamentos Internos e Externos - Circuito Estoril<\/title>\n<meta name=\"robots\" content=\"index, follow, max-snippet:-1, max-image-preview:large, max-video-preview:-1\" \/>\n<link rel=\"canonical\" href=\"https:\/\/www.circuito-estoril.pt\/en\/regulamentos-internos-e-externos\/\" \/>\n<meta property=\"og:locale\" content=\"en_US\" \/>\n<meta property=\"og:type\" content=\"article\" \/>\n<meta property=\"og:title\" content=\"Regulamentos Internos e Externos - Circuito Estoril\" \/>\n<meta property=\"og:description\" content=\"Externos Para al\u00e9m da sua sujei\u00e7\u00e3o ao C\u00f3digo das Sociedades Comerciais como sociedade an\u00f3nima, a CE \u00e9 detida a 100% pela PARP\u00daBLICA \u2013 Participa\u00e7\u00f5es P\u00fablicas (SGPS), SA. Encontra-se, assim, adequadamente enquadrada na moldura legal prevista para o grupo empresarial do Estado, o qual se encontra sistematizado no Decreto-Lei n.\u00ba 133\/2013, de 3 de Outubro, que [&hellip;]\" \/>\n<meta property=\"og:url\" content=\"https:\/\/www.circuito-estoril.pt\/en\/regulamentos-internos-e-externos\/\" \/>\n<meta property=\"og:site_name\" content=\"Circuito Estoril\" \/>\n<meta property=\"article:publisher\" content=\"https:\/\/www.facebook.com\/circuitoestoriloficial\" \/>\n<meta name=\"twitter:card\" content=\"summary_large_image\" \/>\n<meta name=\"twitter:site\" content=\"@CIRCUITOESTORIL\" \/>\n<meta name=\"twitter:label1\" content=\"Est. reading time\" \/>\n\t<meta name=\"twitter:data1\" content=\"1 minute\" \/>\n<script type=\"application\/ld+json\" class=\"yoast-schema-graph\">{\"@context\":\"https:\/\/schema.org\",\"@graph\":[{\"@type\":\"WebPage\",\"@id\":\"https:\/\/www.circuito-estoril.pt\/en\/regulamentos-internos-e-externos\/\",\"url\":\"https:\/\/www.circuito-estoril.pt\/en\/regulamentos-internos-e-externos\/\",\"name\":\"Regulamentos Internos e Externos - Circuito Estoril\",\"isPartOf\":{\"@id\":\"https:\/\/www.circuito-estoril.pt\/en\/#website\"},\"datePublished\":\"2023-05-22T14:58:19+00:00\",\"dateModified\":\"2023-05-22T14:58:19+00:00\",\"breadcrumb\":{\"@id\":\"https:\/\/www.circuito-estoril.pt\/en\/regulamentos-internos-e-externos\/#breadcrumb\"},\"inLanguage\":\"en-US\",\"potentialAction\":[{\"@type\":\"ReadAction\",\"target\":[\"https:\/\/www.circuito-estoril.pt\/en\/regulamentos-internos-e-externos\/\"]}]},{\"@type\":\"BreadcrumbList\",\"@id\":\"https:\/\/www.circuito-estoril.pt\/en\/regulamentos-internos-e-externos\/#breadcrumb\",\"itemListElement\":[{\"@type\":\"ListItem\",\"position\":1,\"name\":\"Home\",\"item\":\"https:\/\/www.circuito-estoril.pt\/en\/\"},{\"@type\":\"ListItem\",\"position\":2,\"name\":\"Mandatory Information\",\"item\":\"https:\/\/www.circuito-estoril.pt\/en\/mandatory-information\/\"},{\"@type\":\"ListItem\",\"position\":3,\"name\":\"Regulamentos Internos e Externos\"}]},{\"@type\":\"WebSite\",\"@id\":\"https:\/\/www.circuito-estoril.pt\/en\/#website\",\"url\":\"https:\/\/www.circuito-estoril.pt\/en\/\",\"name\":\"Circuito Estoril\",\"description\":\"\",\"publisher\":{\"@id\":\"https:\/\/www.circuito-estoril.pt\/en\/#organization\"},\"potentialAction\":[{\"@type\":\"SearchAction\",\"target\":{\"@type\":\"EntryPoint\",\"urlTemplate\":\"https:\/\/www.circuito-estoril.pt\/en\/?s={search_term_string}\"},\"query-input\":\"required name=search_term_string\"}],\"inLanguage\":\"en-US\"},{\"@type\":\"Organization\",\"@id\":\"https:\/\/www.circuito-estoril.pt\/en\/#organization\",\"name\":\"Circuito Estoril\",\"url\":\"https:\/\/www.circuito-estoril.pt\/en\/\",\"logo\":{\"@type\":\"ImageObject\",\"inLanguage\":\"en-US\",\"@id\":\"https:\/\/www.circuito-estoril.pt\/en\/#\/schema\/logo\/image\/\",\"url\":\"https:\/\/www.circuito-estoril.pt\/wp-content\/uploads\/2023\/02\/logo-estoril.svg\",\"contentUrl\":\"https:\/\/www.circuito-estoril.pt\/wp-content\/uploads\/2023\/02\/logo-estoril.svg\",\"width\":1111,\"height\":593,\"caption\":\"Circuito Estoril\"},\"image\":{\"@id\":\"https:\/\/www.circuito-estoril.pt\/en\/#\/schema\/logo\/image\/\"},\"sameAs\":[\"https:\/\/www.facebook.com\/circuitoestoriloficial\",\"https:\/\/twitter.com\/CIRCUITOESTORIL\",\"https:\/\/www.instagram.com\/p\/Cul3rkWMJOX\/\",\"https:\/\/www.youtube.com\/channel\/UC8lzZq-9gcUH548iHzEMOiA\"]}]}<\/script>\n<!-- \/ Yoast SEO plugin. -->","yoast_head_json":{"title":"Regulamentos Internos e Externos - Circuito Estoril","robots":{"index":"index","follow":"follow","max-snippet":"max-snippet:-1","max-image-preview":"max-image-preview:large","max-video-preview":"max-video-preview:-1"},"canonical":"https:\/\/www.circuito-estoril.pt\/en\/regulamentos-internos-e-externos\/","og_locale":"en_US","og_type":"article","og_title":"Regulamentos Internos e Externos - Circuito Estoril","og_description":"Externos Para al\u00e9m da sua sujei\u00e7\u00e3o ao C\u00f3digo das Sociedades Comerciais como sociedade an\u00f3nima, a CE \u00e9 detida a 100% pela PARP\u00daBLICA \u2013 Participa\u00e7\u00f5es P\u00fablicas (SGPS), SA. Encontra-se, assim, adequadamente enquadrada na moldura legal prevista para o grupo empresarial do Estado, o qual se encontra sistematizado no Decreto-Lei n.\u00ba 133\/2013, de 3 de Outubro, que [&hellip;]","og_url":"https:\/\/www.circuito-estoril.pt\/en\/regulamentos-internos-e-externos\/","og_site_name":"Circuito Estoril","article_publisher":"https:\/\/www.facebook.com\/circuitoestoriloficial","twitter_card":"summary_large_image","twitter_site":"@CIRCUITOESTORIL","twitter_misc":{"Est. reading time":"1 minute"},"schema":{"@context":"https:\/\/schema.org","@graph":[{"@type":"WebPage","@id":"https:\/\/www.circuito-estoril.pt\/en\/regulamentos-internos-e-externos\/","url":"https:\/\/www.circuito-estoril.pt\/en\/regulamentos-internos-e-externos\/","name":"Regulamentos Internos e Externos - Circuito Estoril","isPartOf":{"@id":"https:\/\/www.circuito-estoril.pt\/en\/#website"},"datePublished":"2023-05-22T14:58:19+00:00","dateModified":"2023-05-22T14:58:19+00:00","breadcrumb":{"@id":"https:\/\/www.circuito-estoril.pt\/en\/regulamentos-internos-e-externos\/#breadcrumb"},"inLanguage":"en-US","potentialAction":[{"@type":"ReadAction","target":["https:\/\/www.circuito-estoril.pt\/en\/regulamentos-internos-e-externos\/"]}]},{"@type":"BreadcrumbList","@id":"https:\/\/www.circuito-estoril.pt\/en\/regulamentos-internos-e-externos\/#breadcrumb","itemListElement":[{"@type":"ListItem","position":1,"name":"Home","item":"https:\/\/www.circuito-estoril.pt\/en\/"},{"@type":"ListItem","position":2,"name":"Mandatory Information","item":"https:\/\/www.circuito-estoril.pt\/en\/mandatory-information\/"},{"@type":"ListItem","position":3,"name":"Regulamentos Internos e Externos"}]},{"@type":"WebSite","@id":"https:\/\/www.circuito-estoril.pt\/en\/#website","url":"https:\/\/www.circuito-estoril.pt\/en\/","name":"Circuito Estoril","description":"","publisher":{"@id":"https:\/\/www.circuito-estoril.pt\/en\/#organization"},"potentialAction":[{"@type":"SearchAction","target":{"@type":"EntryPoint","urlTemplate":"https:\/\/www.circuito-estoril.pt\/en\/?s={search_term_string}"},"query-input":"required name=search_term_string"}],"inLanguage":"en-US"},{"@type":"Organization","@id":"https:\/\/www.circuito-estoril.pt\/en\/#organization","name":"Circuito Estoril","url":"https:\/\/www.circuito-estoril.pt\/en\/","logo":{"@type":"ImageObject","inLanguage":"en-US","@id":"https:\/\/www.circuito-estoril.pt\/en\/#\/schema\/logo\/image\/","url":"https:\/\/www.circuito-estoril.pt\/wp-content\/uploads\/2023\/02\/logo-estoril.svg","contentUrl":"https:\/\/www.circuito-estoril.pt\/wp-content\/uploads\/2023\/02\/logo-estoril.svg","width":1111,"height":593,"caption":"Circuito Estoril"},"image":{"@id":"https:\/\/www.circuito-estoril.pt\/en\/#\/schema\/logo\/image\/"},"sameAs":["https:\/\/www.facebook.com\/circuitoestoriloficial","https:\/\/twitter.com\/CIRCUITOESTORIL","https:\/\/www.instagram.com\/p\/Cul3rkWMJOX\/","https:\/\/www.youtube.com\/channel\/UC8lzZq-9gcUH548iHzEMOiA"]}]}},"_links":{"self":[{"href":"https:\/\/www.circuito-estoril.pt\/en\/wp-json\/wp\/v2\/pages\/894","targetHints":{"allow":["GET"]}}],"collection":[{"href":"https:\/\/www.circuito-estoril.pt\/en\/wp-json\/wp\/v2\/pages"}],"about":[{"href":"https:\/\/www.circuito-estoril.pt\/en\/wp-json\/wp\/v2\/types\/page"}],"author":[{"embeddable":true,"href":"https:\/\/www.circuito-estoril.pt\/en\/wp-json\/wp\/v2\/users\/2"}],"replies":[{"embeddable":true,"href":"https:\/\/www.circuito-estoril.pt\/en\/wp-json\/wp\/v2\/comments?post=894"}],"version-history":[{"count":0,"href":"https:\/\/www.circuito-estoril.pt\/en\/wp-json\/wp\/v2\/pages\/894\/revisions"}],"wp:featuredmedia":[{"embeddable":true,"href":"https:\/\/www.circuito-estoril.pt\/en\/wp-json\/wp\/v2\/media\/651"}],"wp:attachment":[{"href":"https:\/\/www.circuito-estoril.pt\/en\/wp-json\/wp\/v2\/media?parent=894"}],"curies":[{"name":"wp","href":"https:\/\/api.w.org\/{rel}","templated":true}]}}