{"id":899,"date":"2023-05-17T16:53:02","date_gmt":"2023-05-17T16:53:02","guid":{"rendered":"https:\/\/www.circuito-estoril.pt\/orgaos-sociais\/"},"modified":"2025-12-07T23:17:26","modified_gmt":"2025-12-07T23:17:26","slug":"social-bodies","status":"publish","type":"page","link":"https:\/\/www.circuito-estoril.pt\/en\/social-bodies\/","title":{"rendered":"Social Bodies"},"content":{"rendered":"<p>Corporate governance is made up of the following bodies:<\/p>\n<p><strong>Board of Directors, composed of three to seven members;<\/strong><\/p>\n<p><strong>General Assembly;<\/strong><\/p>\n<p><strong>Single Tax Auditor.<\/strong><\/p>\n<p>&nbsp;<\/p>\n<p>The General Assembly is made up of the sole shareholder, PARP\u00daBLICA &#8211; Participa\u00e7\u00f5es do Estado (SGPS) SA.<\/p>\n<p>The Board of Directors, composed of 3 members, one of whom is executive, is responsible, in particular, in particular and in addition to what is generally stated in the law, to conduct the company&#8217;s activities, carry out the deliberations of the General Assembly, the definition of company policies, approval of accountability documents, representation of society.<\/p>\n<p>The Single Tax Auditor is responsable for auditing the company.<\/p>\n<p>&nbsp;<\/p>\n<p><strong>SOCIAL BODIES &#8211; CURRICULUM NOTES<\/strong><\/p>\n<p style=\"font-weight: 400;\"><strong>Board of Directors<\/strong><\/p>\n<p style=\"font-weight: 400;\">Dr. Joaquim Ant\u00f3nio Pereira Cadete \u2013 <a href=\"https:\/\/www.circuito-estoril.pt\/wp-content\/uploads\/2024\/09\/NOTA-CURRICULAR-Joaquim-Cadete.pdf\"><strong>NOTA CURRICULAR Joaquim Cadete<\/strong><\/a><\/p>\n<p>Dr\u00aa Filipa Mafalda Amaral Gomes de Brito Franco &#8211; <strong><a href=\"https:\/\/www.circuito-estoril.pt\/wp-content\/uploads\/2025\/12\/NOTA-CURRICULAR-Filipa-Franco.pdf\">NOTA CURRICULAR Filipa Franco<\/a><\/strong><\/p>\n<p style=\"font-weight: 400;\">Dra. Ana Cristina de Lemos Cabral Gouveia de Carvalho &#8211; <strong><a href=\"https:\/\/www.circuito-estoril.pt\/wp-content\/uploads\/2024\/09\/NOTA-CURRICULAR-Cristina-Gouveia-de-Carvalho.pdf\">NOTA CURRICULAR Cristina Gouveia de Carvalho<\/a><\/strong><\/p>\n<p>&nbsp;<\/p>\n<p style=\"font-weight: 400;\"><strong>General Assembly<\/strong><\/p>\n<p style=\"font-weight: 400;\">Dra. Ana Paula Ribeiro &#8211; Nota Curricular: <strong><a href=\"https:\/\/www.circuito-estoril.pt\/wp-content\/uploads\/2024\/03\/Dra-Ana-Paula-Costa-Ribeiro-Nota-Curricular-.pdf\">Dra-Ana-Paula-Costa-Ribeiro-Nota-Curricular<\/a><\/strong><\/p>\n<p style=\"font-weight: 400;\">Dra. Catarina Marques &#8211; Nota Curricular:<strong> <a href=\"https:\/\/www.circuito-estoril.pt\/wp-content\/uploads\/2024\/03\/Dra-Catarina-A-Marques-Nota-Curricular.pdf\">Dra-Catarina-A-Marques-Nota-Curricular<\/a><\/strong><\/p>\n<p>&nbsp;<\/p>\n<p style=\"font-weight: 400;\"><strong>Single Tax Auditor<\/strong><\/p>\n<p style=\"font-weight: 400;\">BDO &#8211; Nota Curricular:<strong> <a href=\"https:\/\/www.circuito-estoril.pt\/wp-content\/uploads\/2024\/03\/Fiscal-Unico-Nota-Curricular.pdf\">Fiscal-Unico-Nota-Curricular<\/a><\/strong><\/p>\n<p>&nbsp;<\/p>\n<p><strong>DISCLOSURE OF REMUNERATION AND OTHER BENEFITS<\/strong><\/p>\n<p>Remuneration and Benefits: <strong><a href=\"https:\/\/www.circuito-estoril.pt\/wp-content\/uploads\/2024\/03\/Divulgac\u0327a\u0303o-Remunerac\u0327o\u0303es-Outros-Beneficios.-pdf.pdf\">Divulgac\u0327a\u0303o-Remunerac\u0327o\u0303es-Outros-Beneficios. pdf<\/a><\/strong><\/p>\n<p>&nbsp;<\/p>\n<p>Please note: all attached content available only in Portuguese<\/p>\n<p>Circuito Estoril<\/p>\n","protected":false},"excerpt":{"rendered":"<p>Corporate governance is made up of the following bodies: Board of Directors, composed of three to seven members; General Assembly; Single Tax Auditor. &nbsp; The General Assembly is made up of the sole shareholder, PARP\u00daBLICA &#8211; Participa\u00e7\u00f5es do Estado (SGPS) SA. The Board of Directors, composed of 3 members, one of whom is executive, is [&hellip;]<\/p>\n","protected":false},"author":1,"featured_media":652,"parent":0,"menu_order":0,"comment_status":"closed","ping_status":"closed","template":"","meta":{"footnotes":""},"class_list":["post-899","page","type-page","status-publish","has-post-thumbnail","hentry"],"acf":[],"yoast_head":"<!-- This site is optimized with the Yoast SEO plugin v21.4 - https:\/\/yoast.com\/wordpress\/plugins\/seo\/ -->\n<title>Social Bodies - Circuito Estoril<\/title>\n<meta name=\"robots\" content=\"index, follow, max-snippet:-1, max-image-preview:large, max-video-preview:-1\" \/>\n<link rel=\"canonical\" href=\"https:\/\/www.circuito-estoril.pt\/en\/social-bodies\/\" \/>\n<meta property=\"og:locale\" content=\"en_US\" \/>\n<meta property=\"og:type\" content=\"article\" \/>\n<meta property=\"og:title\" content=\"Social Bodies - Circuito Estoril\" \/>\n<meta property=\"og:description\" content=\"Corporate governance is made up of the following bodies: Board of Directors, composed of three to seven members; General Assembly; Single Tax Auditor. &nbsp; The General Assembly is made up of the sole shareholder, PARP\u00daBLICA &#8211; Participa\u00e7\u00f5es do Estado (SGPS) SA. The Board of Directors, composed of 3 members, one of whom is executive, is [&hellip;]\" \/>\n<meta property=\"og:url\" content=\"https:\/\/www.circuito-estoril.pt\/en\/social-bodies\/\" \/>\n<meta property=\"og:site_name\" content=\"Circuito Estoril\" \/>\n<meta property=\"article:publisher\" content=\"https:\/\/www.facebook.com\/circuitoestoriloficial\" \/>\n<meta property=\"article:modified_time\" content=\"2025-12-07T23:17:26+00:00\" \/>\n<meta property=\"og:image\" content=\"https:\/\/www.circuito-estoril.pt\/wp-content\/uploads\/2023\/05\/Estoril11.jpg\" \/>\n\t<meta property=\"og:image:width\" content=\"1900\" \/>\n\t<meta property=\"og:image:height\" content=\"1069\" \/>\n\t<meta property=\"og:image:type\" content=\"image\/jpeg\" \/>\n<meta name=\"twitter:card\" content=\"summary_large_image\" \/>\n<meta name=\"twitter:site\" content=\"@CIRCUITOESTORIL\" \/>\n<meta name=\"twitter:label1\" content=\"Est. reading time\" \/>\n\t<meta name=\"twitter:data1\" content=\"2 minutes\" \/>\n<script type=\"application\/ld+json\" class=\"yoast-schema-graph\">{\"@context\":\"https:\/\/schema.org\",\"@graph\":[{\"@type\":\"WebPage\",\"@id\":\"https:\/\/www.circuito-estoril.pt\/en\/social-bodies\/\",\"url\":\"https:\/\/www.circuito-estoril.pt\/en\/social-bodies\/\",\"name\":\"Social Bodies - Circuito Estoril\",\"isPartOf\":{\"@id\":\"https:\/\/www.circuito-estoril.pt\/en\/#website\"},\"datePublished\":\"2023-05-17T16:53:02+00:00\",\"dateModified\":\"2025-12-07T23:17:26+00:00\",\"breadcrumb\":{\"@id\":\"https:\/\/www.circuito-estoril.pt\/en\/social-bodies\/#breadcrumb\"},\"inLanguage\":\"en-US\",\"potentialAction\":[{\"@type\":\"ReadAction\",\"target\":[\"https:\/\/www.circuito-estoril.pt\/en\/social-bodies\/\"]}]},{\"@type\":\"BreadcrumbList\",\"@id\":\"https:\/\/www.circuito-estoril.pt\/en\/social-bodies\/#breadcrumb\",\"itemListElement\":[{\"@type\":\"ListItem\",\"position\":1,\"name\":\"Home\",\"item\":\"https:\/\/www.circuito-estoril.pt\/en\/\"},{\"@type\":\"ListItem\",\"position\":2,\"name\":\"Social Bodies\"}]},{\"@type\":\"WebSite\",\"@id\":\"https:\/\/www.circuito-estoril.pt\/en\/#website\",\"url\":\"https:\/\/www.circuito-estoril.pt\/en\/\",\"name\":\"Circuito Estoril\",\"description\":\"\",\"publisher\":{\"@id\":\"https:\/\/www.circuito-estoril.pt\/en\/#organization\"},\"potentialAction\":[{\"@type\":\"SearchAction\",\"target\":{\"@type\":\"EntryPoint\",\"urlTemplate\":\"https:\/\/www.circuito-estoril.pt\/en\/?s={search_term_string}\"},\"query-input\":\"required name=search_term_string\"}],\"inLanguage\":\"en-US\"},{\"@type\":\"Organization\",\"@id\":\"https:\/\/www.circuito-estoril.pt\/en\/#organization\",\"name\":\"Circuito Estoril\",\"url\":\"https:\/\/www.circuito-estoril.pt\/en\/\",\"logo\":{\"@type\":\"ImageObject\",\"inLanguage\":\"en-US\",\"@id\":\"https:\/\/www.circuito-estoril.pt\/en\/#\/schema\/logo\/image\/\",\"url\":\"https:\/\/www.circuito-estoril.pt\/wp-content\/uploads\/2023\/02\/logo-estoril.svg\",\"contentUrl\":\"https:\/\/www.circuito-estoril.pt\/wp-content\/uploads\/2023\/02\/logo-estoril.svg\",\"width\":1111,\"height\":593,\"caption\":\"Circuito Estoril\"},\"image\":{\"@id\":\"https:\/\/www.circuito-estoril.pt\/en\/#\/schema\/logo\/image\/\"},\"sameAs\":[\"https:\/\/www.facebook.com\/circuitoestoriloficial\",\"https:\/\/twitter.com\/CIRCUITOESTORIL\",\"https:\/\/www.instagram.com\/p\/Cul3rkWMJOX\/\",\"https:\/\/www.youtube.com\/channel\/UC8lzZq-9gcUH548iHzEMOiA\"]}]}<\/script>\n<!-- \/ Yoast SEO plugin. -->","yoast_head_json":{"title":"Social Bodies - Circuito Estoril","robots":{"index":"index","follow":"follow","max-snippet":"max-snippet:-1","max-image-preview":"max-image-preview:large","max-video-preview":"max-video-preview:-1"},"canonical":"https:\/\/www.circuito-estoril.pt\/en\/social-bodies\/","og_locale":"en_US","og_type":"article","og_title":"Social Bodies - Circuito Estoril","og_description":"Corporate governance is made up of the following bodies: Board of Directors, composed of three to seven members; General Assembly; Single Tax Auditor. &nbsp; The General Assembly is made up of the sole shareholder, PARP\u00daBLICA &#8211; Participa\u00e7\u00f5es do Estado (SGPS) SA. The Board of Directors, composed of 3 members, one of whom is executive, is [&hellip;]","og_url":"https:\/\/www.circuito-estoril.pt\/en\/social-bodies\/","og_site_name":"Circuito Estoril","article_publisher":"https:\/\/www.facebook.com\/circuitoestoriloficial","article_modified_time":"2025-12-07T23:17:26+00:00","og_image":[{"width":1900,"height":1069,"url":"https:\/\/www.circuito-estoril.pt\/wp-content\/uploads\/2023\/05\/Estoril11.jpg","type":"image\/jpeg"}],"twitter_card":"summary_large_image","twitter_site":"@CIRCUITOESTORIL","twitter_misc":{"Est. reading time":"2 minutes"},"schema":{"@context":"https:\/\/schema.org","@graph":[{"@type":"WebPage","@id":"https:\/\/www.circuito-estoril.pt\/en\/social-bodies\/","url":"https:\/\/www.circuito-estoril.pt\/en\/social-bodies\/","name":"Social Bodies - Circuito Estoril","isPartOf":{"@id":"https:\/\/www.circuito-estoril.pt\/en\/#website"},"datePublished":"2023-05-17T16:53:02+00:00","dateModified":"2025-12-07T23:17:26+00:00","breadcrumb":{"@id":"https:\/\/www.circuito-estoril.pt\/en\/social-bodies\/#breadcrumb"},"inLanguage":"en-US","potentialAction":[{"@type":"ReadAction","target":["https:\/\/www.circuito-estoril.pt\/en\/social-bodies\/"]}]},{"@type":"BreadcrumbList","@id":"https:\/\/www.circuito-estoril.pt\/en\/social-bodies\/#breadcrumb","itemListElement":[{"@type":"ListItem","position":1,"name":"Home","item":"https:\/\/www.circuito-estoril.pt\/en\/"},{"@type":"ListItem","position":2,"name":"Social Bodies"}]},{"@type":"WebSite","@id":"https:\/\/www.circuito-estoril.pt\/en\/#website","url":"https:\/\/www.circuito-estoril.pt\/en\/","name":"Circuito Estoril","description":"","publisher":{"@id":"https:\/\/www.circuito-estoril.pt\/en\/#organization"},"potentialAction":[{"@type":"SearchAction","target":{"@type":"EntryPoint","urlTemplate":"https:\/\/www.circuito-estoril.pt\/en\/?s={search_term_string}"},"query-input":"required name=search_term_string"}],"inLanguage":"en-US"},{"@type":"Organization","@id":"https:\/\/www.circuito-estoril.pt\/en\/#organization","name":"Circuito Estoril","url":"https:\/\/www.circuito-estoril.pt\/en\/","logo":{"@type":"ImageObject","inLanguage":"en-US","@id":"https:\/\/www.circuito-estoril.pt\/en\/#\/schema\/logo\/image\/","url":"https:\/\/www.circuito-estoril.pt\/wp-content\/uploads\/2023\/02\/logo-estoril.svg","contentUrl":"https:\/\/www.circuito-estoril.pt\/wp-content\/uploads\/2023\/02\/logo-estoril.svg","width":1111,"height":593,"caption":"Circuito Estoril"},"image":{"@id":"https:\/\/www.circuito-estoril.pt\/en\/#\/schema\/logo\/image\/"},"sameAs":["https:\/\/www.facebook.com\/circuitoestoriloficial","https:\/\/twitter.com\/CIRCUITOESTORIL","https:\/\/www.instagram.com\/p\/Cul3rkWMJOX\/","https:\/\/www.youtube.com\/channel\/UC8lzZq-9gcUH548iHzEMOiA"]}]}},"_links":{"self":[{"href":"https:\/\/www.circuito-estoril.pt\/en\/wp-json\/wp\/v2\/pages\/899","targetHints":{"allow":["GET"]}}],"collection":[{"href":"https:\/\/www.circuito-estoril.pt\/en\/wp-json\/wp\/v2\/pages"}],"about":[{"href":"https:\/\/www.circuito-estoril.pt\/en\/wp-json\/wp\/v2\/types\/page"}],"author":[{"embeddable":true,"href":"https:\/\/www.circuito-estoril.pt\/en\/wp-json\/wp\/v2\/users\/1"}],"replies":[{"embeddable":true,"href":"https:\/\/www.circuito-estoril.pt\/en\/wp-json\/wp\/v2\/comments?post=899"}],"version-history":[{"count":8,"href":"https:\/\/www.circuito-estoril.pt\/en\/wp-json\/wp\/v2\/pages\/899\/revisions"}],"predecessor-version":[{"id":4553,"href":"https:\/\/www.circuito-estoril.pt\/en\/wp-json\/wp\/v2\/pages\/899\/revisions\/4553"}],"wp:featuredmedia":[{"embeddable":true,"href":"https:\/\/www.circuito-estoril.pt\/en\/wp-json\/wp\/v2\/media\/652"}],"wp:attachment":[{"href":"https:\/\/www.circuito-estoril.pt\/en\/wp-json\/wp\/v2\/media?parent=899"}],"curies":[{"name":"wp","href":"https:\/\/api.w.org\/{rel}","templated":true}]}}